{"id":293,"date":"2025-05-06T14:55:54","date_gmt":"2025-05-06T17:55:54","guid":{"rendered":"http:\/\/legionarias.com.br\/site\/?page_id=293"},"modified":"2025-12-25T20:24:58","modified_gmt":"2025-12-25T23:24:58","slug":"caixaprece","status":"publish","type":"page","link":"https:\/\/legionarias.com.br\/site\/caixaprece\/","title":{"rendered":"CaixaPrece"},"content":{"rendered":"\t\t<div data-elementor-type=\"wp-page\" data-elementor-id=\"293\" class=\"elementor elementor-293\">\n\t\t\t\t<div class=\"elementor-element elementor-element-b285891 e-flex e-con-boxed e-con e-parent\" data-id=\"b285891\" data-element_type=\"container\">\n\t\t\t\t\t<div class=\"e-con-inner\">\n\t\t\t\t<div class=\"elementor-element elementor-element-8390eb8 elementor-widget elementor-widget-html\" data-id=\"8390eb8\" data-element_type=\"widget\" data-widget_type=\"html.default\">\n\t\t\t\t<div class=\"elementor-widget-container\">\n\t\t\t\t\t\r\n<div class=\"legionarias-caixinha-container\">\r\n    <div class=\"legionarias-caixinha-content\">\r\n        <h1 style=\"text-align: center; color: #000000; border-bottom: 3px solid #105691; display: inline-block; padding-bottom: 8px;\">Caixa de Prece e Irradia\u00e7\u00e3o<\/h1>\r\n        \r\n        <!-- Bot\u00e3o mobile (vis\u00edvel apenas em telas pequenas) -->\r\n        <a href=\"https:\/\/legionarias.com.br\/caixadeprece\" \r\n           class=\"legionarias-mobile-btn\" \r\n           target=\"_blank\">Abrir Caixinha de Preces<\/a>\r\n        \r\n        <div class=\"legionarias-iframe-wrapper\">\r\n            <!-- Mensagem de carregamento -->\r\n            <div class=\"legionarias-loading-message\">Carregando formul\u00e1rio...<\/div>\r\n            \r\n            <!-- Iframe - ser\u00e1 mostrado se funcionar -->\r\n            <iframe src=\"https:\/\/legionarias.com.br\/caixadeprece\" \r\n                    class=\"legionarias-iframe\"\r\n                    title=\"Formul\u00e1rio de Preces\"\r\n                    id=\"legionariasCaixinhaIframe\"\r\n                    onload=\"legionariasIframeLoaded()\"\r\n                    onerror=\"legionariasIframeFailed()\"><\/iframe>\r\n            \r\n            <!-- Fallback - ser\u00e1 mostrado se o iframe falhar -->\r\n            <div class=\"legionarias-fallback\" style=\"display:none;\">\r\n                <p>O formul\u00e1rio n\u00e3o pode ser exibido diretamente aqui.<\/p>\r\n                <a href=\"https:\/\/legionarias.com.br\/caixadeprece\" \r\n                   class=\"legionarias-btn\" \r\n                   target=\"_blank\">Acessar Caixinha de Preces<\/a>\r\n            <\/div>\r\n        <\/div>\r\n        \r\n        <p class=\"legionarias-footer-message\">Suas inten\u00e7\u00f5es ser\u00e3o levadas \u00e0s nossas ora\u00e7\u00f5es.<\/p>\r\n    <\/div>\r\n<\/div>\r\n\r\n<style>\r\n    \/* Estilos espec\u00edficos para evitar conflitos *\/\r\n    .legionarias-caixinha-container {\r\n        max-width: 800px;\r\n        margin: 0 auto;\r\n        padding: 20px;\r\n        font-family: 'Arial', sans-serif;\r\n    }\r\n    \r\n    .legionarias-caixinha-title {\r\n        color: #6a1b9a;\r\n        text-align: center;\r\n        margin-bottom: 20px;\r\n    }\r\n    \r\n    \/* Bot\u00e3o para mobile *\/\r\n    .legionarias-mobile-btn {\r\n        display: none; \/* Escondido por padr\u00e3o *\/\r\n        padding: 12px 24px;\r\n        background: #8e24aa;\r\n        color: white;\r\n        text-decoration: none;\r\n        border-radius: 4px;\r\n        font-weight: bold;\r\n        margin-bottom: 15px;\r\n        text-align: center;\r\n        transition: background 0.3s;\r\n    }\r\n    \r\n    .legionarias-mobile-btn:hover {\r\n        background: #6a1b9a;\r\n    }\r\n    \r\n    .legionarias-iframe-wrapper {\r\n        width: 100%;\r\n        height: 600px;\r\n        border: 1px solid #e0e0e0;\r\n        border-radius: 4px;\r\n        position: relative;\r\n        overflow: hidden;\r\n        margin-bottom: 20px;\r\n    }\r\n    \r\n    .legionarias-iframe {\r\n        width: 100%;\r\n        height: 100%;\r\n        border: none;\r\n    }\r\n    \r\n    .legionarias-loading-message {\r\n        text-align: center;\r\n        padding: 50px;\r\n        font-style: italic;\r\n        color: #666;\r\n    }\r\n    \r\n    .legionarias-fallback {\r\n        text-align: center;\r\n        padding: 40px 20px;\r\n    }\r\n    \r\n    .legionarias-btn {\r\n        display: inline-block;\r\n        padding: 12px 24px;\r\n        background: #6a1b9a;\r\n        color: white;\r\n        text-decoration: none;\r\n        border-radius: 4px;\r\n        font-weight: bold;\r\n        margin-top: 15px;\r\n        transition: background 0.3s;\r\n    }\r\n    \r\n    .legionarias-btn:hover {\r\n        background: #8e24aa;\r\n    }\r\n    \r\n    .legionarias-footer-message {\r\n        text-align: center;\r\n        color: #666;\r\n    }\r\n    \r\n    \/* Mostrar bot\u00e3o apenas em mobile *\/\r\n    @media only screen and (max-width: 768px) {\r\n        .legionarias-mobile-btn {\r\n            display: block;\r\n        }\r\n        \r\n        .legionarias-iframe-wrapper {\r\n            display: none; \/* Esconde o iframe em mobile *\/\r\n        }\r\n        \r\n        .legionarias-fallback {\r\n            display: none; \/* Esconde o fallback em mobile *\/\r\n        }\r\n    }\r\n<\/style>\r\n\r\n<script>\r\n    \/\/ Fun\u00e7\u00f5es com prefixo espec\u00edfico para evitar conflitos\r\n    function legionariasIframeLoaded() {\r\n        document.querySelector('.legionarias-loading-message').style.display = 'none';\r\n    }\r\n    \r\n    function legionariasIframeFailed() {\r\n        document.querySelector('.legionarias-loading-message').style.display = 'none';\r\n        document.querySelector('.legionarias-iframe').style.display = 'none';\r\n        document.querySelector('.legionarias-fallback').style.display = 'block';\r\n        \r\n        \/\/ Tentativa alternativa com HTTPS se HTTP falhar\r\n        var iframe = document.getElementById('legionariasCaixinhaIframe');\r\n        if(iframe.src.startsWith('https:\/\/')) {\r\n            iframe.src = iframe.src.replace('https:\/\/');\r\n            setTimeout(function() {\r\n                iframe.style.display = 'block';\r\n            }, 1000);\r\n        }\r\n    }\r\n    \r\n    \/\/ Verifica\u00e7\u00e3o ap\u00f3s carregamento\r\n    document.addEventListener('DOMContentLoaded', function() {\r\n        \/\/ Verifica se \u00e9 mobile\r\n        if(window.innerWidth > 768) {\r\n            setTimeout(function() {\r\n                var iframe = document.getElementById('legionariasCaixinhaIframe');\r\n                try {\r\n                    if(iframe.contentWindow.document.body.innerHTML === \"\") {\r\n                        legionariasIframeFailed();\r\n                    }\r\n                } catch(e) {\r\n                    legionariasIframeFailed();\r\n                }\r\n            }, 3000);\r\n        }\r\n    });\r\n    \r\n    \/\/ Atualizar ao redimensionar a tela\r\n    window.addEventListener('resize', function() {\r\n        if(window.innerWidth > 768) {\r\n            document.querySelector('.legionarias-iframe-wrapper').style.display = 'block';\r\n            document.querySelector('.legionarias-mobile-btn').style.display = 'none';\r\n        } else {\r\n            document.querySelector('.legionarias-iframe-wrapper').style.display = 'none';\r\n            document.querySelector('.legionarias-mobile-btn').style.display = 'block';\r\n        }\r\n    });\r\n<\/script>\t\t\t\t<\/div>\n\t\t\t\t<\/div>\n\t\t\t\t\t<\/div>\n\t\t\t\t<\/div>\n\t\t\t\t<\/div>\n\t\t","protected":false},"excerpt":{"rendered":"<p>Caixa de Prece e Irradia\u00e7\u00e3o Abrir Caixinha de Preces Carregando formul\u00e1rio&#8230; O formul\u00e1rio n\u00e3o pode ser exibido diretamente aqui. Acessar Caixinha de Preces Suas inten\u00e7\u00f5es ser\u00e3o levadas \u00e0s nossas ora\u00e7\u00f5es.<\/p>\n","protected":false},"author":1,"featured_media":0,"parent":0,"menu_order":0,"comment_status":"closed","ping_status":"closed","template":"page-no-title","meta":{"footnotes":""},"class_list":["post-293","page","type-page","status-publish","hentry"],"_links":{"self":[{"href":"https:\/\/legionarias.com.br\/site\/wp-json\/wp\/v2\/pages\/293","targetHints":{"allow":["GET"]}}],"collection":[{"href":"https:\/\/legionarias.com.br\/site\/wp-json\/wp\/v2\/pages"}],"about":[{"href":"https:\/\/legionarias.com.br\/site\/wp-json\/wp\/v2\/types\/page"}],"author":[{"embeddable":true,"href":"https:\/\/legionarias.com.br\/site\/wp-json\/wp\/v2\/users\/1"}],"replies":[{"embeddable":true,"href":"https:\/\/legionarias.com.br\/site\/wp-json\/wp\/v2\/comments?post=293"}],"version-history":[{"count":277,"href":"https:\/\/legionarias.com.br\/site\/wp-json\/wp\/v2\/pages\/293\/revisions"}],"predecessor-version":[{"id":954,"href":"https:\/\/legionarias.com.br\/site\/wp-json\/wp\/v2\/pages\/293\/revisions\/954"}],"wp:attachment":[{"href":"https:\/\/legionarias.com.br\/site\/wp-json\/wp\/v2\/media?parent=293"}],"curies":[{"name":"wp","href":"https:\/\/api.w.org\/{rel}","templated":true}]}}