{"id":131,"date":"2025-05-04T01:53:31","date_gmt":"2025-05-04T04:53:31","guid":{"rendered":"http:\/\/legionarias.com.br\/site\/?page_id=131"},"modified":"2025-12-30T12:28:16","modified_gmt":"2025-12-30T15:28:16","slug":"proposito","status":"publish","type":"page","link":"https:\/\/legionarias.com.br\/site\/proposito\/","title":{"rendered":"proposito"},"content":{"rendered":"\t\t<div data-elementor-type=\"wp-page\" data-elementor-id=\"131\" class=\"elementor elementor-131\">\n\t\t\t\t<div class=\"elementor-element elementor-element-d9db566 e-flex e-con-boxed e-con e-parent\" data-id=\"d9db566\" data-element_type=\"container\">\n\t\t\t\t\t<div class=\"e-con-inner\">\n\t\t\t\t\t<\/div>\n\t\t\t\t<\/div>\n\t\t<div class=\"elementor-element elementor-element-f2a3168 e-flex e-con-boxed e-con e-parent\" data-id=\"f2a3168\" data-element_type=\"container\">\n\t\t\t\t\t<div class=\"e-con-inner\">\n\t\t<div class=\"elementor-element elementor-element-441ffab e-con-full e-flex e-con e-child\" data-id=\"441ffab\" data-element_type=\"container\">\n\t\t\t\t<div class=\"elementor-element elementor-element-323a139 elementor-widget elementor-widget-html\" data-id=\"323a139\" data-element_type=\"widget\" data-widget_type=\"html.default\">\n\t\t\t\t<div class=\"elementor-widget-container\">\n\t\t\t\t\t<!DOCTYPE html>\r\n<html lang=\"pt-BR\">\r\n<head>\r\n    <meta charset=\"UTF-8\">\r\n    <meta name=\"viewport\" content=\"width=device-width, initial-scale=1.0\">\r\n    <title>Nosso Prop\u00f3sito<\/title>\r\n       <link rel=\"stylesheet\" href=\"https:\/\/cdnjs.cloudflare.com\/ajax\/libs\/font-awesome\/6.4.0\/css\/all.min.css\">\r\n    <style>\r\n        .quem-somos-container {\r\n            font-family: 'Arial', sans-serif;\r\n            max-width: 1200px;\r\n            margin: 0 auto;\r\n            padding: 20px;\r\n            color: #333;\r\n            line-height: 1.6;\r\n        }\r\n        \r\n        .section-title {\r\n            color: #2c3e50;\r\n            text-align: center;\r\n            margin: 30px 0;\r\n            font-size: 28px;\r\n            font-weight: 600;\r\n            position: relative;\r\n        }\r\n        \r\n        .section-title:after {\r\n            content: \"\";\r\n            display: block;\r\n            width: 80px;\r\n            height: 3px;\r\n            background: #3498db;\r\n            margin: 10px auto;\r\n        }\r\n        \r\n        .institutional-text {\r\n            text-align: justify;\r\n            margin-bottom: 40px;\r\n            font-size: 16px;\r\n        }\r\n        \r\n        .mission-vision-values {\r\n            display: flex;\r\n            flex-wrap: wrap;\r\n            justify-content: space-between;\r\n            gap: 20px;\r\n            margin-bottom: 40px;\r\n        }\r\n        \r\n        .card {\r\n            flex: 1;\r\n            min-width: 300px;\r\n            background: #f9f9f9;\r\n            padding: 25px;\r\n            border-radius: 8px;\r\n            box-shadow: 0 4px 6px rgba(0,0,0,0.1);\r\n            transition: transform 0.3s ease;\r\n            text-align: center;\r\n        }\r\n        \r\n        .card:hover {\r\n            transform: translateY(-5px);\r\n        }\r\n        \r\n        .card-icon {\r\n            font-size: 40px;\r\n            color: #2980b9;\r\n            margin-bottom: 15px;\r\n        }\r\n        \r\n        .card-title {\r\n            color: #2980b9;\r\n            font-size: 22px;\r\n            margin-bottom: 15px;\r\n            font-weight: 600;\r\n        }\r\n        \r\n        .card-content {\r\n            text-align: justify;\r\n        }\r\n        \r\n        .highlight {\r\n            font-weight: 600;\r\n            color: #2c3e50;\r\n        }\r\n        \r\n        @media (max-width: 768px) {\r\n            .mission-vision-values {\r\n                flex-direction: column;\r\n            }\r\n            \r\n            .card {\r\n                min-width: 100%;\r\n            }\r\n        }\r\n    <\/style>\r\n<\/head>\r\n<body>\r\n    <div class=\"quem-somos-container\">\r\n        <h1 class=\"section-title\">Nosso Prop\u00f3sito<\/h1>\r\n        \r\n        <div class=\"institutional-text\">\r\n            <p>A Institui\u00e7\u00e3o Esp\u00edrita Legion\u00e1rias de Maria tem como base a Doutrina Esp\u00edrita codificada por Allan Kardec. Essa institui\u00e7\u00e3o busca o entendimento dessa doutrina atrav\u00e9s do estudo sistematizado das Obras B\u00e1sicas, facultando o desenvolvimento moral, o acolhimento fraternal, a germina\u00e7\u00e3o do amor ao pr\u00f3ximo, promovendo, assim, esse aprendizado atrav\u00e9s da pr\u00e1tica dos trabalhos que disponibiliza, onde crian\u00e7as, jovens, adultos e idosos t\u00eam a oportunidade de conviver, estudando e trabalhando, sendo acolhidos e acompanhados dentro de suas necessidades.<\/p>\r\n        <\/div>\r\n        \r\n        <div class=\"mission-vision-values\">\r\n            <!-- Card Miss\u00e3o -->\r\n            <div class=\"card\">\r\n                <div class=\"card-icon\">\r\n                    <i class=\"fas fa-hands-helping\"><\/i>\r\n                <\/div>\r\n                <h2 class=\"card-title\">Miss\u00e3o<\/h2>\r\n                <div class=\"card-content\">\r\n                    <p><span class=\"highlight\">Reforma \u00edntima de cada indiv\u00edduo<\/span>, fornecendo explica\u00e7\u00f5es aos porqu\u00eas dos destinos, raz\u00e3o pela qual muitos conceitos usuais s\u00e3o pela Doutrina Esp\u00edrita restaurados ou corrigidos, para que se fa\u00e7a luz nas consci\u00eancias e consolo nos cora\u00e7\u00f5es, uma vez que Ela n\u00e3o veio desdizer os ensinos de Jesus, mas desenvolv\u00ea-los, complet\u00e1-los e explic\u00e1-los <span class=\"highlight\">\"em termos claros e para toda a gente, quando foram ditos sob forma aleg\u00f3ricas\"<\/span>.<\/p>\r\n                <\/div>\r\n            <\/div>\r\n            \r\n            <!-- Card Vis\u00e3o -->\r\n            <div class=\"card\">\r\n                <div class=\"card-icon\">\r\n                    <i class=\"fas fa-eye\"><\/i>\r\n                <\/div>\r\n                <h2 class=\"card-title\">Vis\u00e3o<\/h2>\r\n                <div class=\"card-content\">\r\n                    <p>Promover, apoiar e fortalecer a <span class=\"highlight\">melhoria da qualidade<\/span> nas tarefas de difus\u00e3o da Doutrina Esp\u00edrita, ensejando oportunidades de aprendizado, desenvolvimento intelectual e educa\u00e7\u00e3o dos sentimentos do Ser, atrav\u00e9s do estudo e pr\u00e1tica da Doutrina Esp\u00edrita.<\/p>\r\n                <\/div>\r\n            <\/div>\r\n            \r\n            <!-- Card Valores -->\r\n            <div class=\"card\">\r\n                <div class=\"card-icon\">\r\n                    <i class=\"fas fa-heart\"><\/i>\r\n                <\/div>\r\n                <h2 class=\"card-title\">Valores<\/h2>\r\n                <div class=\"card-content\">\r\n                    <p>S\u00e3o os princ\u00edpios que norteiam, distinguem e atestam as verdades contidas na Doutrina Esp\u00edrita, quando chegarem a ser integralmente compreendidas por todos. <span class=\"highlight\">Ensinamentos ditos e exemplificados pelo Mestre Jesus<\/span>.<\/p>\r\n                <\/div>\r\n            <\/div>\r\n        <\/div>\r\n    <\/div>\r\n<\/body>\r\n<\/html>\t\t\t\t<\/div>\n\t\t\t\t<\/div>\n\t\t\t\t<\/div>\n\t\t\t\t\t<\/div>\n\t\t\t\t<\/div>\n\t\t\t\t<\/div>\n\t\t","protected":false},"excerpt":{"rendered":"<p>Nosso Prop\u00f3sito Nosso Prop\u00f3sito A Institui\u00e7\u00e3o Esp\u00edrita Legion\u00e1rias de Maria tem como base a Doutrina Esp\u00edrita codificada por Allan Kardec. Essa institui\u00e7\u00e3o busca o entendimento dessa doutrina atrav\u00e9s do estudo sistematizado das Obras B\u00e1sicas, facultando o desenvolvimento moral, o acolhimento fraternal, a germina\u00e7\u00e3o do amor ao pr\u00f3ximo, promovendo, assim, esse aprendizado atrav\u00e9s da pr\u00e1tica dos [&hellip;]<\/p>\n","protected":false},"author":1,"featured_media":0,"parent":0,"menu_order":0,"comment_status":"closed","ping_status":"closed","template":"elementor_header_footer","meta":{"footnotes":""},"class_list":["post-131","page","type-page","status-publish","hentry"],"_links":{"self":[{"href":"https:\/\/legionarias.com.br\/site\/wp-json\/wp\/v2\/pages\/131","targetHints":{"allow":["GET"]}}],"collection":[{"href":"https:\/\/legionarias.com.br\/site\/wp-json\/wp\/v2\/pages"}],"about":[{"href":"https:\/\/legionarias.com.br\/site\/wp-json\/wp\/v2\/types\/page"}],"author":[{"embeddable":true,"href":"https:\/\/legionarias.com.br\/site\/wp-json\/wp\/v2\/users\/1"}],"replies":[{"embeddable":true,"href":"https:\/\/legionarias.com.br\/site\/wp-json\/wp\/v2\/comments?post=131"}],"version-history":[{"count":68,"href":"https:\/\/legionarias.com.br\/site\/wp-json\/wp\/v2\/pages\/131\/revisions"}],"predecessor-version":[{"id":1347,"href":"https:\/\/legionarias.com.br\/site\/wp-json\/wp\/v2\/pages\/131\/revisions\/1347"}],"wp:attachment":[{"href":"https:\/\/legionarias.com.br\/site\/wp-json\/wp\/v2\/media?parent=131"}],"curies":[{"name":"wp","href":"https:\/\/api.w.org\/{rel}","templated":true}]}}